{"id":116,"date":"2024-10-17T15:36:45","date_gmt":"2024-10-17T13:36:45","guid":{"rendered":"https:\/\/labeaubourgeoise.fr\/?page_id=116"},"modified":"2025-11-05T11:55:35","modified_gmt":"2025-11-05T10:55:35","slug":"ou-depenser-mon-cheque-cadeaux","status":"publish","type":"page","link":"https:\/\/labeaubourgeoise.fr\/?page_id=116","title":{"rendered":"O\u00f9 d\u00e9penser mon ch\u00e8que cadeaux ?"},"content":{"rendered":"\t\t<div data-elementor-type=\"wp-page\" data-elementor-id=\"116\" class=\"elementor elementor-116\">\n\t\t\t\t<div class=\"elementor-element elementor-element-4774f4fd e-flex e-con-boxed e-con e-parent\" data-id=\"4774f4fd\" data-element_type=\"container\" data-settings=\"{&quot;content_width&quot;:&quot;boxed&quot;}\" data-core-v316-plus=\"true\">\n\t\t\t\t\t<div class=\"e-con-inner\">\n\t\t\t\t<div class=\"elementor-element elementor-element-657da466 elementor-widget elementor-widget-text-editor\" data-id=\"657da466\" data-element_type=\"widget\" data-widget_type=\"text-editor.default\">\n\t\t\t\t<div class=\"elementor-widget-container\">\n\t\t\t<style>\/*! elementor - v3.19.0 - 07-02-2024 *\/\n.elementor-widget-text-editor.elementor-drop-cap-view-stacked .elementor-drop-cap{background-color:#69727d;color:#fff}.elementor-widget-text-editor.elementor-drop-cap-view-framed .elementor-drop-cap{color:#69727d;border:3px solid;background-color:transparent}.elementor-widget-text-editor:not(.elementor-drop-cap-view-default) .elementor-drop-cap{margin-top:8px}.elementor-widget-text-editor:not(.elementor-drop-cap-view-default) .elementor-drop-cap-letter{width:1em;height:1em}.elementor-widget-text-editor .elementor-drop-cap{float:left;text-align:center;line-height:1;font-size:50px}.elementor-widget-text-editor .elementor-drop-cap-letter{display:inline-block}<\/style>\t\t\t\t<!-- wp:file {\"id\":246,\"href\":\"https:\/\/labeaubourgeoise.fr\/wp-content\/uploads\/2025\/03\/Liste-membres-cheque-cadeaux-2025.pdf\",\"displayPreview\":true} -->\n<div><a href=\"https:\/\/labeaubourgeoise.fr\/?page_id=116\">O\u00f9 d\u00e9penser mon ch\u00e8que cadeaux ?<\/a><\/div>\n<div class=\"wp-block-file\">Liste membres ch\u00e8que cadeaux 2026 \u00a0\u00a0<a class=\"wp-block-file__button wp-element-button\" href=\"https:\/\/labeaubourgeoise.fr\/wp-content\/uploads\/2025\/11\/Liste-membres-cheque-cadeaux-2026.pdf\" download=\"\" aria-describedby=\"wp-block-file--media-856c8b10-d305-4f86-8274-6d8eb50ad22e\">T\u00e9l\u00e9charger<\/a><\/div>\n<!-- \/wp:file --><!-- wp:paragraph -->\n<p>\u00a0<\/p>\n<!-- \/wp:paragraph -->\t\t\t\t\t\t<\/div>\n\t\t\t\t<\/div>\n\t\t\t\t\t<\/div>\n\t\t\t\t<\/div>\n\t\t<div class=\"elementor-element elementor-element-d9c3986 e-flex e-con-boxed e-con e-parent\" data-id=\"d9c3986\" data-element_type=\"container\" data-settings=\"{&quot;content_width&quot;:&quot;boxed&quot;}\" data-core-v316-plus=\"true\">\n\t\t\t\t\t<div class=\"e-con-inner\">\n\t\t\t\t<div class=\"elementor-element elementor-element-eb89514 elementor-widget elementor-widget-image\" data-id=\"eb89514\" data-element_type=\"widget\" data-widget_type=\"image.default\">\n\t\t\t\t<div class=\"elementor-widget-container\">\n\t\t\t<style>\/*! elementor - v3.19.0 - 07-02-2024 *\/\n.elementor-widget-image{text-align:center}.elementor-widget-image a{display:inline-block}.elementor-widget-image a img[src$=\".svg\"]{width:48px}.elementor-widget-image img{vertical-align:middle;display:inline-block}<\/style>\t\t\t\t\t\t\t\t\t\t<img fetchpriority=\"high\" decoding=\"async\" width=\"724\" height=\"1024\" src=\"https:\/\/labeaubourgeoise.fr\/wp-content\/uploads\/2025\/11\/Liste-724x1024.png\" class=\"attachment-large size-large wp-image-280\" alt=\"\" srcset=\"https:\/\/labeaubourgeoise.fr\/wp-content\/uploads\/2025\/11\/Liste-724x1024.png 724w, https:\/\/labeaubourgeoise.fr\/wp-content\/uploads\/2025\/11\/Liste-212x300.png 212w, https:\/\/labeaubourgeoise.fr\/wp-content\/uploads\/2025\/11\/Liste-768x1086.png 768w, https:\/\/labeaubourgeoise.fr\/wp-content\/uploads\/2025\/11\/Liste-1086x1536.png 1086w, https:\/\/labeaubourgeoise.fr\/wp-content\/uploads\/2025\/11\/Liste-1448x2048.png 1448w, https:\/\/labeaubourgeoise.fr\/wp-content\/uploads\/2025\/11\/Liste-scaled.png 1810w\" sizes=\"(max-width: 724px) 100vw, 724px\" \/>\t\t\t\t\t\t\t\t\t\t\t\t\t<\/div>\n\t\t\t\t<\/div>\n\t\t\t\t\t<\/div>\n\t\t\t\t<\/div>\n\t\t\t\t<\/div>\n\t\t","protected":false},"excerpt":{"rendered":"<p>\u00a0<\/p>\n","protected":false},"author":1,"featured_media":0,"parent":0,"menu_order":0,"comment_status":"closed","ping_status":"closed","template":"","meta":{"footnotes":""},"class_list":["post-116","page","type-page","status-publish","hentry"],"_links":{"self":[{"href":"https:\/\/labeaubourgeoise.fr\/index.php?rest_route=\/wp\/v2\/pages\/116","targetHints":{"allow":["GET"]}}],"collection":[{"href":"https:\/\/labeaubourgeoise.fr\/index.php?rest_route=\/wp\/v2\/pages"}],"about":[{"href":"https:\/\/labeaubourgeoise.fr\/index.php?rest_route=\/wp\/v2\/types\/page"}],"author":[{"embeddable":true,"href":"https:\/\/labeaubourgeoise.fr\/index.php?rest_route=\/wp\/v2\/users\/1"}],"replies":[{"embeddable":true,"href":"https:\/\/labeaubourgeoise.fr\/index.php?rest_route=%2Fwp%2Fv2%2Fcomments&post=116"}],"version-history":[{"count":23,"href":"https:\/\/labeaubourgeoise.fr\/index.php?rest_route=\/wp\/v2\/pages\/116\/revisions"}],"predecessor-version":[{"id":300,"href":"https:\/\/labeaubourgeoise.fr\/index.php?rest_route=\/wp\/v2\/pages\/116\/revisions\/300"}],"wp:attachment":[{"href":"https:\/\/labeaubourgeoise.fr\/index.php?rest_route=%2Fwp%2Fv2%2Fmedia&parent=116"}],"curies":[{"name":"wp","href":"https:\/\/api.w.org\/{rel}","templated":true}]}}